{"id":12463,"date":"2023-06-06T12:46:30","date_gmt":"2023-06-06T10:46:30","guid":{"rendered":"https:\/\/www.soziale-dienste-jugendhilfe.de\/EN\/?page_id=12463"},"modified":"2023-06-19T08:43:09","modified_gmt":"2023-06-19T06:43:09","slug":"jetzt-bin-ich-dran","status":"publish","type":"page","link":"https:\/\/www.soziale-dienste-jugendhilfe.de\/EN\/jetzt-bin-ich-dran\/","title":{"rendered":"\u201eJetzt bin ich dran!\u201c"},"content":{"rendered":"\t\t<div data-elementor-type=\"wp-page\" data-elementor-id=\"12463\" class=\"elementor elementor-12463\" data-elementor-post-type=\"page\">\n\t\t\t\t\t\t<section class=\"elementor-section elementor-top-section elementor-element elementor-element-fe6f984 elementor-section-boxed elementor-section-height-default elementor-section-height-default\" data-id=\"fe6f984\" data-element_type=\"section\" data-e-type=\"section\">\n\t\t\t\t\t\t<div class=\"elementor-container elementor-column-gap-default\">\n\t\t\t\t\t<div class=\"elementor-column elementor-col-50 elementor-top-column elementor-element elementor-element-b1d2886\" data-id=\"b1d2886\" data-element_type=\"column\" data-e-type=\"column\">\n\t\t\t<div class=\"elementor-widget-wrap elementor-element-populated\">\n\t\t\t\t\t\t<div class=\"elementor-element elementor-element-ccc014a animated-fast elementor-invisible elementor-widget elementor-widget-heading\" data-id=\"ccc014a\" data-element_type=\"widget\" data-e-type=\"widget\" data-settings=\"{&quot;_animation&quot;:&quot;fadeIn&quot;}\" data-widget_type=\"heading.default\">\n\t\t\t\t<div class=\"elementor-widget-container\">\n\t\t\t\t\t<h1 class=\"elementor-heading-title elementor-size-default\">\u201eJetzt bin ich dran!\u201c<\/h1>\t\t\t\t<\/div>\n\t\t\t\t<\/div>\n\t\t\t\t<div class=\"elementor-element elementor-element-62036df elementor-widget-divider--view-line elementor-widget elementor-widget-divider\" data-id=\"62036df\" data-element_type=\"widget\" data-e-type=\"widget\" data-widget_type=\"divider.default\">\n\t\t\t\t<div class=\"elementor-widget-container\">\n\t\t\t\t\t\t\t<div class=\"elementor-divider\">\n\t\t\t<span class=\"elementor-divider-separator\">\n\t\t\t\t\t\t<\/span>\n\t\t<\/div>\n\t\t\t\t\t\t<\/div>\n\t\t\t\t<\/div>\n\t\t\t\t<div class=\"elementor-element elementor-element-ec77433 elementor-widget elementor-widget-text-editor\" data-id=\"ec77433\" data-element_type=\"widget\" data-e-type=\"widget\" data-widget_type=\"text-editor.default\">\n\t\t\t\t<div class=\"elementor-widget-container\">\n\t\t\t\t\t\t\t\t\t<p>Germany is a country of immigration. Not least due to the Ukraine war, the number of people who have to build a new life in Germany is increasing. The conditions for participation in social life differ significantly between the sexes, as a brief analysis by the BAMF from 2021 shows. Women not only have a lower average level of education, are significantly less likely to be employed and have less pronounced language skills. They are also often responsible for childcare and household tasks. Refugee mothers in particular are therefore often &#8222;left behind&#8220;. In order to be able to support them in the long term and sustainably, we have designed <em>Jetzt bin ich dran!<\/em><\/p><p>We are very happy that we were able to convince the <a href=\"https:\/\/www.bosch-stiftung.de\/de\" target=\"_blank\" rel=\"noopener\"><strong>Robert Bosch Stiftung<\/strong><\/a> of our concept and that we are one of five funded projects within the program &#8222;Gefl\u00fcchtete M\u00fctter st\u00e4rken!\u201d (Strengthening refugee mothers!). Together with our cooperation partner <a href=\"https:\/\/fv-regenbogenland.de\" target=\"_blank\" rel=\"noopener\"><strong>KITA Regenbogenland<\/strong><\/a>, we will contribute to strengthening the autonomy and participation of refugee mothers at our location in Erfurt and at the KITA for one year starting in April 2023.<\/p><p>The aim is to show the participants individual possibilities and ways of reconciling family, work and leisure. We support the refugees in their special and often challenging life situation through workshops, discussions and counselling in protected spaces. It is especially important to us to develop all activities together with the mothers. Only by doing so we can really take their interests and realities of life into account in a targeted way. Child care is also organised, which often makes it possible for the women to participate in the first place. A regular &#8222;women&#8217;s meeting&#8220; is also part of the project and opens it up to the outside world, thus enabling a variety of contacts. In the future, the mothers will also be recruited as project implementers.<\/p><p>Only by doing so we can really take their interests and realities of life into account in a targeted way. Child care is also organised, which often makes it possible for the women to participate in the first place. A regular &#8222;women&#8217;s meeting&#8220; is also part of the project and opens it up to the outside world, thus enabling a variety of contacts. In the future, the mothers will also be recruited as project implementers.<\/p>\t\t\t\t\t\t\t\t<\/div>\n\t\t\t\t<\/div>\n\t\t\t\t\t<\/div>\n\t\t<\/div>\n\t\t\t\t<div class=\"elementor-column elementor-col-50 elementor-top-column elementor-element elementor-element-9935889\" data-id=\"9935889\" data-element_type=\"column\" data-e-type=\"column\" data-settings=\"{&quot;background_background&quot;:&quot;classic&quot;}\">\n\t\t\t<div class=\"elementor-widget-wrap elementor-element-populated\">\n\t\t\t\t\t\t<div class=\"elementor-element elementor-element-8f94683 elementor-widget elementor-widget-image\" data-id=\"8f94683\" data-element_type=\"widget\" data-e-type=\"widget\" data-settings=\"{&quot;_animation&quot;:&quot;none&quot;}\" data-widget_type=\"image.default\">\n\t\t\t\t<div class=\"elementor-widget-container\">\n\t\t\t\t\t\t\t\t\t\t\t\t\t\t\t<img fetchpriority=\"high\" decoding=\"async\" width=\"1587\" height=\"2245\" src=\"https:\/\/www.soziale-dienste-jugendhilfe.de\/EN\/wp-content\/uploads\/2023\/06\/Header-Photo_freigegeben.jpg\" class=\"attachment-full size-full wp-image-12465\" alt=\"\" srcset=\"https:\/\/www.soziale-dienste-jugendhilfe.de\/EN\/wp-content\/uploads\/2023\/06\/Header-Photo_freigegeben.jpg 1587w, https:\/\/www.soziale-dienste-jugendhilfe.de\/EN\/wp-content\/uploads\/2023\/06\/Header-Photo_freigegeben-212x300.jpg 212w, https:\/\/www.soziale-dienste-jugendhilfe.de\/EN\/wp-content\/uploads\/2023\/06\/Header-Photo_freigegeben-724x1024.jpg 724w, https:\/\/www.soziale-dienste-jugendhilfe.de\/EN\/wp-content\/uploads\/2023\/06\/Header-Photo_freigegeben-768x1086.jpg 768w, https:\/\/www.soziale-dienste-jugendhilfe.de\/EN\/wp-content\/uploads\/2023\/06\/Header-Photo_freigegeben-1086x1536.jpg 1086w, https:\/\/www.soziale-dienste-jugendhilfe.de\/EN\/wp-content\/uploads\/2023\/06\/Header-Photo_freigegeben-1448x2048.jpg 1448w\" sizes=\"(max-width: 1587px) 100vw, 1587px\" \/>\t\t\t\t\t\t\t\t\t\t\t\t\t\t\t<\/div>\n\t\t\t\t<\/div>\n\t\t\t\t<div class=\"elementor-element elementor-element-61e9e06 elementor-widget elementor-widget-html\" data-id=\"61e9e06\" data-element_type=\"widget\" data-e-type=\"widget\" data-widget_type=\"html.default\">\n\t\t\t\t<div class=\"elementor-widget-container\">\n\t\t\t\t\t<a href=\"https:\/\/www.instagram.com\/wirsindpatenerfurt\/?hl=de\" target=\"_blank\"><img decoding=\"async\" src=\"https:\/\/www.soziale-dienste-jugendhilfe.de\/wp-content\/uploads\/2023\/06\/insta_erfurt.JPG\"><\/a>\t\t\t\t<\/div>\n\t\t\t\t<\/div>\n\t\t\t\t\t<\/div>\n\t\t<\/div>\n\t\t\t\t\t<\/div>\n\t\t<\/section>\n\t\t\t\t<section class=\"elementor-section elementor-top-section elementor-element elementor-element-e730b90 elementor-section-boxed elementor-section-height-default elementor-section-height-default\" data-id=\"e730b90\" data-element_type=\"section\" data-e-type=\"section\">\n\t\t\t\t\t\t<div class=\"elementor-container elementor-column-gap-default\">\n\t\t\t\t\t<div class=\"elementor-column elementor-col-100 elementor-top-column elementor-element elementor-element-b9ed94b\" data-id=\"b9ed94b\" data-element_type=\"column\" data-e-type=\"column\">\n\t\t\t<div class=\"elementor-widget-wrap\">\n\t\t\t\t\t\t\t<\/div>\n\t\t<\/div>\n\t\t\t\t\t<\/div>\n\t\t<\/section>\n\t\t\t\t<\/div>\n\t\t","protected":false},"excerpt":{"rendered":"<p>\u201eJetzt bin ich dran!\u201c Germany is a country of immigration. Not least due to the Ukraine war, the number of people who have to build [&hellip;]<\/p>\n","protected":false},"author":1,"featured_media":0,"parent":0,"menu_order":0,"comment_status":"closed","ping_status":"closed","template":"","meta":{"site-sidebar-layout":"no-sidebar","site-content-layout":"page-builder","ast-site-content-layout":"default","site-content-style":"default","site-sidebar-style":"default","ast-global-header-display":"","ast-banner-title-visibility":"","ast-main-header-display":"","ast-hfb-above-header-display":"","ast-hfb-below-header-display":"","ast-hfb-mobile-header-display":"","site-post-title":"disabled","ast-breadcrumbs-content":"","ast-featured-img":"disabled","footer-sml-layout":"","ast-disable-related-posts":"","theme-transparent-header-meta":"","adv-header-id-meta":"","stick-header-meta":"","header-above-stick-meta":"","header-main-stick-meta":"","header-below-stick-meta":"","astra-migrate-meta-layouts":"default","ast-page-background-enabled":"default","ast-page-background-meta":{"desktop":{"background-color":"","background-image":"","background-repeat":"repeat","background-position":"center center","background-size":"auto","background-attachment":"scroll","background-type":"","background-media":"","overlay-type":"","overlay-color":"","overlay-opacity":"","overlay-gradient":""},"tablet":{"background-color":"","background-image":"","background-repeat":"repeat","background-position":"center center","background-size":"auto","background-attachment":"scroll","background-type":"","background-media":"","overlay-type":"","overlay-color":"","overlay-opacity":"","overlay-gradient":""},"mobile":{"background-color":"","background-image":"","background-repeat":"repeat","background-position":"center center","background-size":"auto","background-attachment":"scroll","background-type":"","background-media":"","overlay-type":"","overlay-color":"","overlay-opacity":"","overlay-gradient":""}},"ast-content-background-meta":{"desktop":{"background-color":"var(--ast-global-color-5)","background-image":"","background-repeat":"repeat","background-position":"center center","background-size":"auto","background-attachment":"scroll","background-type":"","background-media":"","overlay-type":"","overlay-color":"","overlay-opacity":"","overlay-gradient":""},"tablet":{"background-color":"var(--ast-global-color-5)","background-image":"","background-repeat":"repeat","background-position":"center center","background-size":"auto","background-attachment":"scroll","background-type":"","background-media":"","overlay-type":"","overlay-color":"","overlay-opacity":"","overlay-gradient":""},"mobile":{"background-color":"var(--ast-global-color-5)","background-image":"","background-repeat":"repeat","background-position":"center center","background-size":"auto","background-attachment":"scroll","background-type":"","background-media":"","overlay-type":"","overlay-color":"","overlay-opacity":"","overlay-gradient":""}},"footnotes":""},"class_list":["post-12463","page","type-page","status-publish","hentry"],"yoast_head":"<!-- This site is optimized with the Yoast SEO plugin v27.4 - https:\/\/yoast.com\/product\/yoast-seo-wordpress\/ -->\n<title>\u201eJetzt bin ich dran!\u201c -<\/title>\n<meta name=\"robots\" content=\"index, follow, max-snippet:-1, max-image-preview:large, max-video-preview:-1\" \/>\n<link rel=\"canonical\" href=\"https:\/\/www.soziale-dienste-jugendhilfe.de\/EN\/jetzt-bin-ich-dran\/\" \/>\n<meta property=\"og:locale\" content=\"de_DE\" \/>\n<meta property=\"og:type\" content=\"article\" \/>\n<meta property=\"og:title\" content=\"\u201eJetzt bin ich dran!\u201c -\" \/>\n<meta property=\"og:description\" content=\"\u201eJetzt bin ich dran!\u201c Germany is a country of immigration. Not least due to the Ukraine war, the number of people who have to build [&hellip;]\" \/>\n<meta property=\"og:url\" content=\"https:\/\/www.soziale-dienste-jugendhilfe.de\/EN\/jetzt-bin-ich-dran\/\" \/>\n<meta property=\"article:modified_time\" content=\"2023-06-19T06:43:09+00:00\" \/>\n<meta property=\"og:image\" content=\"https:\/\/www.soziale-dienste-jugendhilfe.de\/EN\/wp-content\/uploads\/2023\/06\/Header-Photo_freigegeben.jpg\" \/>\n<meta name=\"twitter:card\" content=\"summary_large_image\" \/>\n<meta name=\"twitter:label1\" content=\"Gesch\u00e4tzte Lesezeit\" \/>\n\t<meta name=\"twitter:data1\" content=\"3\u00a0Minuten\" \/>\n<script type=\"application\/ld+json\" class=\"yoast-schema-graph\">{\"@context\":\"https:\\\/\\\/schema.org\",\"@graph\":[{\"@type\":\"WebPage\",\"@id\":\"https:\\\/\\\/www.soziale-dienste-jugendhilfe.de\\\/EN\\\/jetzt-bin-ich-dran\\\/\",\"url\":\"https:\\\/\\\/www.soziale-dienste-jugendhilfe.de\\\/EN\\\/jetzt-bin-ich-dran\\\/\",\"name\":\"\u201eJetzt bin ich dran!\u201c -\",\"isPartOf\":{\"@id\":\"https:\\\/\\\/www.soziale-dienste-jugendhilfe.de\\\/EN\\\/#website\"},\"primaryImageOfPage\":{\"@id\":\"https:\\\/\\\/www.soziale-dienste-jugendhilfe.de\\\/EN\\\/jetzt-bin-ich-dran\\\/#primaryimage\"},\"image\":{\"@id\":\"https:\\\/\\\/www.soziale-dienste-jugendhilfe.de\\\/EN\\\/jetzt-bin-ich-dran\\\/#primaryimage\"},\"thumbnailUrl\":\"https:\\\/\\\/www.soziale-dienste-jugendhilfe.de\\\/EN\\\/wp-content\\\/uploads\\\/2023\\\/06\\\/Header-Photo_freigegeben.jpg\",\"datePublished\":\"2023-06-06T10:46:30+00:00\",\"dateModified\":\"2023-06-19T06:43:09+00:00\",\"breadcrumb\":{\"@id\":\"https:\\\/\\\/www.soziale-dienste-jugendhilfe.de\\\/EN\\\/jetzt-bin-ich-dran\\\/#breadcrumb\"},\"inLanguage\":\"de\",\"potentialAction\":[{\"@type\":\"ReadAction\",\"target\":[\"https:\\\/\\\/www.soziale-dienste-jugendhilfe.de\\\/EN\\\/jetzt-bin-ich-dran\\\/\"]}]},{\"@type\":\"ImageObject\",\"inLanguage\":\"de\",\"@id\":\"https:\\\/\\\/www.soziale-dienste-jugendhilfe.de\\\/EN\\\/jetzt-bin-ich-dran\\\/#primaryimage\",\"url\":\"https:\\\/\\\/www.soziale-dienste-jugendhilfe.de\\\/EN\\\/wp-content\\\/uploads\\\/2023\\\/06\\\/Header-Photo_freigegeben.jpg\",\"contentUrl\":\"https:\\\/\\\/www.soziale-dienste-jugendhilfe.de\\\/EN\\\/wp-content\\\/uploads\\\/2023\\\/06\\\/Header-Photo_freigegeben.jpg\",\"width\":1587,\"height\":2245},{\"@type\":\"BreadcrumbList\",\"@id\":\"https:\\\/\\\/www.soziale-dienste-jugendhilfe.de\\\/EN\\\/jetzt-bin-ich-dran\\\/#breadcrumb\",\"itemListElement\":[{\"@type\":\"ListItem\",\"position\":1,\"name\":\"Startseite\",\"item\":\"https:\\\/\\\/www.soziale-dienste-jugendhilfe.de\\\/EN\\\/\"},{\"@type\":\"ListItem\",\"position\":2,\"name\":\"\u201eJetzt bin ich dran!\u201c\"}]},{\"@type\":\"WebSite\",\"@id\":\"https:\\\/\\\/www.soziale-dienste-jugendhilfe.de\\\/EN\\\/#website\",\"url\":\"https:\\\/\\\/www.soziale-dienste-jugendhilfe.de\\\/EN\\\/\",\"name\":\"\",\"description\":\"\",\"publisher\":{\"@id\":\"https:\\\/\\\/www.soziale-dienste-jugendhilfe.de\\\/EN\\\/#organization\"},\"potentialAction\":[{\"@type\":\"SearchAction\",\"target\":{\"@type\":\"EntryPoint\",\"urlTemplate\":\"https:\\\/\\\/www.soziale-dienste-jugendhilfe.de\\\/EN\\\/?s={search_term_string}\"},\"query-input\":{\"@type\":\"PropertyValueSpecification\",\"valueRequired\":true,\"valueName\":\"search_term_string\"}}],\"inLanguage\":\"de\"},{\"@type\":\"Organization\",\"@id\":\"https:\\\/\\\/www.soziale-dienste-jugendhilfe.de\\\/EN\\\/#organization\",\"name\":\"Soziale-Dienste und Jugendhilfe gGmbH\",\"url\":\"https:\\\/\\\/www.soziale-dienste-jugendhilfe.de\\\/EN\\\/\",\"logo\":{\"@type\":\"ImageObject\",\"inLanguage\":\"de\",\"@id\":\"https:\\\/\\\/www.soziale-dienste-jugendhilfe.de\\\/EN\\\/#\\\/schema\\\/logo\\\/image\\\/\",\"url\":\"https:\\\/\\\/www.soziale-dienste-jugendhilfe.de\\\/EN\\\/wp-content\\\/uploads\\\/2021\\\/01\\\/logo_01_21.svg\",\"contentUrl\":\"https:\\\/\\\/www.soziale-dienste-jugendhilfe.de\\\/EN\\\/wp-content\\\/uploads\\\/2021\\\/01\\\/logo_01_21.svg\",\"width\":1,\"height\":1,\"caption\":\"Soziale-Dienste und Jugendhilfe gGmbH\"},\"image\":{\"@id\":\"https:\\\/\\\/www.soziale-dienste-jugendhilfe.de\\\/EN\\\/#\\\/schema\\\/logo\\\/image\\\/\"}}]}<\/script>\n<!-- \/ Yoast SEO plugin. -->","yoast_head_json":{"title":"\u201eJetzt bin ich dran!\u201c -","robots":{"index":"index","follow":"follow","max-snippet":"max-snippet:-1","max-image-preview":"max-image-preview:large","max-video-preview":"max-video-preview:-1"},"canonical":"https:\/\/www.soziale-dienste-jugendhilfe.de\/EN\/jetzt-bin-ich-dran\/","og_locale":"de_DE","og_type":"article","og_title":"\u201eJetzt bin ich dran!\u201c -","og_description":"\u201eJetzt bin ich dran!\u201c Germany is a country of immigration. Not least due to the Ukraine war, the number of people who have to build [&hellip;]","og_url":"https:\/\/www.soziale-dienste-jugendhilfe.de\/EN\/jetzt-bin-ich-dran\/","article_modified_time":"2023-06-19T06:43:09+00:00","og_image":[{"url":"https:\/\/www.soziale-dienste-jugendhilfe.de\/EN\/wp-content\/uploads\/2023\/06\/Header-Photo_freigegeben.jpg","type":"","width":"","height":""}],"twitter_card":"summary_large_image","twitter_misc":{"Gesch\u00e4tzte Lesezeit":"3\u00a0Minuten"},"schema":{"@context":"https:\/\/schema.org","@graph":[{"@type":"WebPage","@id":"https:\/\/www.soziale-dienste-jugendhilfe.de\/EN\/jetzt-bin-ich-dran\/","url":"https:\/\/www.soziale-dienste-jugendhilfe.de\/EN\/jetzt-bin-ich-dran\/","name":"\u201eJetzt bin ich dran!\u201c -","isPartOf":{"@id":"https:\/\/www.soziale-dienste-jugendhilfe.de\/EN\/#website"},"primaryImageOfPage":{"@id":"https:\/\/www.soziale-dienste-jugendhilfe.de\/EN\/jetzt-bin-ich-dran\/#primaryimage"},"image":{"@id":"https:\/\/www.soziale-dienste-jugendhilfe.de\/EN\/jetzt-bin-ich-dran\/#primaryimage"},"thumbnailUrl":"https:\/\/www.soziale-dienste-jugendhilfe.de\/EN\/wp-content\/uploads\/2023\/06\/Header-Photo_freigegeben.jpg","datePublished":"2023-06-06T10:46:30+00:00","dateModified":"2023-06-19T06:43:09+00:00","breadcrumb":{"@id":"https:\/\/www.soziale-dienste-jugendhilfe.de\/EN\/jetzt-bin-ich-dran\/#breadcrumb"},"inLanguage":"de","potentialAction":[{"@type":"ReadAction","target":["https:\/\/www.soziale-dienste-jugendhilfe.de\/EN\/jetzt-bin-ich-dran\/"]}]},{"@type":"ImageObject","inLanguage":"de","@id":"https:\/\/www.soziale-dienste-jugendhilfe.de\/EN\/jetzt-bin-ich-dran\/#primaryimage","url":"https:\/\/www.soziale-dienste-jugendhilfe.de\/EN\/wp-content\/uploads\/2023\/06\/Header-Photo_freigegeben.jpg","contentUrl":"https:\/\/www.soziale-dienste-jugendhilfe.de\/EN\/wp-content\/uploads\/2023\/06\/Header-Photo_freigegeben.jpg","width":1587,"height":2245},{"@type":"BreadcrumbList","@id":"https:\/\/www.soziale-dienste-jugendhilfe.de\/EN\/jetzt-bin-ich-dran\/#breadcrumb","itemListElement":[{"@type":"ListItem","position":1,"name":"Startseite","item":"https:\/\/www.soziale-dienste-jugendhilfe.de\/EN\/"},{"@type":"ListItem","position":2,"name":"\u201eJetzt bin ich dran!\u201c"}]},{"@type":"WebSite","@id":"https:\/\/www.soziale-dienste-jugendhilfe.de\/EN\/#website","url":"https:\/\/www.soziale-dienste-jugendhilfe.de\/EN\/","name":"","description":"","publisher":{"@id":"https:\/\/www.soziale-dienste-jugendhilfe.de\/EN\/#organization"},"potentialAction":[{"@type":"SearchAction","target":{"@type":"EntryPoint","urlTemplate":"https:\/\/www.soziale-dienste-jugendhilfe.de\/EN\/?s={search_term_string}"},"query-input":{"@type":"PropertyValueSpecification","valueRequired":true,"valueName":"search_term_string"}}],"inLanguage":"de"},{"@type":"Organization","@id":"https:\/\/www.soziale-dienste-jugendhilfe.de\/EN\/#organization","name":"Soziale-Dienste und Jugendhilfe gGmbH","url":"https:\/\/www.soziale-dienste-jugendhilfe.de\/EN\/","logo":{"@type":"ImageObject","inLanguage":"de","@id":"https:\/\/www.soziale-dienste-jugendhilfe.de\/EN\/#\/schema\/logo\/image\/","url":"https:\/\/www.soziale-dienste-jugendhilfe.de\/EN\/wp-content\/uploads\/2021\/01\/logo_01_21.svg","contentUrl":"https:\/\/www.soziale-dienste-jugendhilfe.de\/EN\/wp-content\/uploads\/2021\/01\/logo_01_21.svg","width":1,"height":1,"caption":"Soziale-Dienste und Jugendhilfe gGmbH"},"image":{"@id":"https:\/\/www.soziale-dienste-jugendhilfe.de\/EN\/#\/schema\/logo\/image\/"}}]}},"_links":{"self":[{"href":"https:\/\/www.soziale-dienste-jugendhilfe.de\/EN\/wp-json\/wp\/v2\/pages\/12463","targetHints":{"allow":["GET"]}}],"collection":[{"href":"https:\/\/www.soziale-dienste-jugendhilfe.de\/EN\/wp-json\/wp\/v2\/pages"}],"about":[{"href":"https:\/\/www.soziale-dienste-jugendhilfe.de\/EN\/wp-json\/wp\/v2\/types\/page"}],"author":[{"embeddable":true,"href":"https:\/\/www.soziale-dienste-jugendhilfe.de\/EN\/wp-json\/wp\/v2\/users\/1"}],"replies":[{"embeddable":true,"href":"https:\/\/www.soziale-dienste-jugendhilfe.de\/EN\/wp-json\/wp\/v2\/comments?post=12463"}],"version-history":[{"count":31,"href":"https:\/\/www.soziale-dienste-jugendhilfe.de\/EN\/wp-json\/wp\/v2\/pages\/12463\/revisions"}],"predecessor-version":[{"id":12539,"href":"https:\/\/www.soziale-dienste-jugendhilfe.de\/EN\/wp-json\/wp\/v2\/pages\/12463\/revisions\/12539"}],"wp:attachment":[{"href":"https:\/\/www.soziale-dienste-jugendhilfe.de\/EN\/wp-json\/wp\/v2\/media?parent=12463"}],"curies":[{"name":"wp","href":"https:\/\/api.w.org\/{rel}","templated":true}]}}